{"id":113,"date":"2020-01-04T15:59:22","date_gmt":"2020-01-04T15:59:22","guid":{"rendered":"https:\/\/entreprise-de-securite-en-guadeloupe.com\/?page_id=113"},"modified":"2020-02-10T14:08:49","modified_gmt":"2020-02-10T14:08:49","slug":"cgu","status":"publish","type":"page","link":"https:\/\/entreprise-de-securite-en-guadeloupe.com\/fr_fr\/cgu\/","title":{"rendered":"CGU"},"content":{"rendered":"\t\t<div data-elementor-type=\"wp-page\" data-elementor-id=\"113\" class=\"elementor elementor-113\" data-elementor-post-type=\"page\">\n\t\t\t\t\t\t<section class=\"elementor-section elementor-top-section elementor-element elementor-element-3c117ec5 elementor-section-boxed elementor-section-height-default elementor-section-height-default\" data-id=\"3c117ec5\" data-element_type=\"section\" data-e-type=\"section\">\n\t\t\t\t\t\t<div class=\"elementor-container elementor-column-gap-default\">\n\t\t\t\t\t<div class=\"elementor-column elementor-col-100 elementor-top-column elementor-element elementor-element-13a0b7b1\" data-id=\"13a0b7b1\" data-element_type=\"column\" data-e-type=\"column\">\n\t\t\t<div class=\"elementor-widget-wrap elementor-element-populated\">\n\t\t\t\t\t\t<div class=\"elementor-element elementor-element-5a001e98 elementor-widget elementor-widget-heading\" data-id=\"5a001e98\" data-element_type=\"widget\" data-e-type=\"widget\" data-widget_type=\"heading.default\">\n\t\t\t\t<div class=\"elementor-widget-container\">\n\t\t\t\t\t<h2 class=\"elementor-heading-title elementor-size-default\">Conditions G\u00e9n\u00e9rales d'Utilisation<\/h2>\t\t\t\t<\/div>\n\t\t\t\t<\/div>\n\t\t\t\t\t<\/div>\n\t\t<\/div>\n\t\t\t\t\t<\/div>\n\t\t<\/section>\n\t\t\t\t<section class=\"elementor-section elementor-top-section elementor-element elementor-element-303bf494 elementor-section-boxed elementor-section-height-default elementor-section-height-default\" data-id=\"303bf494\" data-element_type=\"section\" data-e-type=\"section\">\n\t\t\t\t\t\t<div class=\"elementor-container elementor-column-gap-default\">\n\t\t\t\t\t<div class=\"elementor-column elementor-col-100 elementor-top-column elementor-element elementor-element-39bcea46\" data-id=\"39bcea46\" data-element_type=\"column\" data-e-type=\"column\">\n\t\t\t<div class=\"elementor-widget-wrap elementor-element-populated\">\n\t\t\t\t\t\t<div class=\"elementor-element elementor-element-2948fa72 elementor-widget elementor-widget-text-editor\" data-id=\"2948fa72\" data-element_type=\"widget\" data-e-type=\"widget\" data-widget_type=\"text-editor.default\">\n\t\t\t\t<div class=\"elementor-widget-container\">\n\t\t\t\t\t\t\t\t\t<p><strong>ARTICLE 1. INFORMATIONS L\u00c9GALES<\/strong><\/p><p>En vertu de l\u2019article 6 de la Loi n\u00b0 2004-575 du 21 juin 2004 pour la confiance dans l\u2019\u00e9conomie num\u00e9rique, il est pr\u00e9cis\u00e9 dans cet article l\u2019identit\u00e9 des diff\u00e9rents intervenants dans le cadre de sa r\u00e9alisation et de son suivi.<\/p><p>Le site Lion King S\u00e9curit\u00e9 est \u00e9dit\u00e9 par\u00a0:<\/p><p>Lion King S\u00e9curit\u00e9, dont le si\u00e8ge si\u00e8ge social est situ\u00e9 \u00e0 l\u2019adresse suivante\u00a0: 62 Boulevard de la Pointe Jarry, 97112 Baie-Mahault et immatricul\u00e9e au RCS de Pointe-\u00e0-Pitre sous le n\u00b0 suivant\u00a0: 81928381300023.<\/p><p>T\u00e9l\u00e9phone\u00a0: 0690 606 596\/ Adresse e-mail\u00a0:\u00a0lionkingsecurite@gmail.com.<\/p><p><br \/>\u00a0Le directeur de publication du site est\u00a0: Stedy Lachman.<\/p><p><br \/>\u00a0Le site Lion King S\u00e9curit\u00e9 est h\u00e9berg\u00e9 par\u00a0:<\/p><p>Cloudflare Inc, dont le si\u00e8ge est situ\u00e9 \u00e0 l\u2019adresse ci-apr\u00e8s\u00a0:<\/p><p>101 Townsend St San Francisco, CA 94107<\/p><p>Num\u00e9ro de t\u00e9l\u00e9phone\u00a0: +1 (650) 319 8930<\/p><p><br \/>\u00a0<strong>ARTICLE 2. PR\u00c9SENTATION DU SITE<\/strong><\/p><p>Le site Lion King S\u00e9curit\u00e9 a pour objet\u00a0:<\/p><p>Pr\u00e9sentation de l\u2019entreprise Lion King S\u00e9curit\u00e9 qui propose des services de s\u00e9curit\u00e9 en Guadeloupe.<\/p><p><br \/>\u00a0<strong>ARTICLE 3. CONTACT<\/strong><\/p><p>Pour toute question ou demande d\u2019information concernant le site, ou tout signalement de contenu ou d\u2019activit\u00e9s illicites, l\u2019utilisateur peut contacter l\u2019\u00e9diteur \u00e0 l\u2019adresse e-mail suivante:\u00a0lionkingsecurite@gmail.com\u00a0ou adresser un courrier recommand\u00e9 avec accus\u00e9 de r\u00e9ception \u00e0\u00a0: Lion King S\u00e9curit\u00e9 \u2013 62 Boulevard de la Pointe Jarry, 97122 Baie-Mahault<\/p><p><br \/>\u00a0<strong>ARTICLE 4. ACCEPTATION DES CONDITIONS D\u2019UTILISATION<\/strong><\/p><p>L\u2019acc\u00e8s et l\u2019utilisation du site sont soumis \u00e0 l\u2019acceptation et au respect des pr\u00e9sentes Conditions G\u00e9n\u00e9rales d\u2019Utilisation.<\/p><p>L\u2019\u00e9diteur se r\u00e9serve le droit de modifier, \u00e0 tout moment et sans pr\u00e9avis, le site et des services ainsi que les pr\u00e9sentes CGU, notamment pour s\u2019adapter aux \u00e9volutions du site par la mise \u00e0 disposition de nouvelles fonctionnalit\u00e9s ou la suppression ou la modification de fonctionnalit\u00e9s existantes.<\/p><p>Il est donc conseill\u00e9 \u00e0 l\u2019utilisateur de se r\u00e9f\u00e9rer avant toute navigation \u00e0 la derni\u00e8re version des CGU, accessible \u00e0 tout moment sur le site. En cas de d\u00e9saccord avec les CGU, aucun usage du site ne saurait \u00eatre effectu\u00e9 par l\u2019utilisateur.<\/p><p><br \/>\u00a0<strong>ARTICLE 5. ACC\u00c8S ET NAVIGATION<\/strong><\/p><p>L\u2019\u00e9diteur met en \u0153uvre les solutions techniques \u00e0 sa disposition pour permettre l\u2019acc\u00e8s au site 24 heures sur 24, 7 jours sur 7. Il pourra n\u00e9anmoins \u00e0 tout moment suspendre, limiter ou interrompre l\u2019acc\u00e8s au site ou \u00e0 certaines pages de celui-ci afin de proc\u00e9der \u00e0 des mises \u00e0 jours, des modifications de son contenu ou tout autre action jug\u00e9e n\u00e9cessaire au bon fonctionnement du site.<\/p><p>La connexion et la navigation sur le site Lion King S\u00e9curit\u00e9 valent acceptation sans r\u00e9serve des pr\u00e9sentes Conditions G\u00e9n\u00e9rales d\u2019Utilisation, quelques soient les moyens techniques d\u2019acc\u00e8s et les terminaux utilis\u00e9s.<\/p><p>Les pr\u00e9sentes CGU s\u2019appliquent, en tant que de besoin, \u00e0 toute d\u00e9clinaison ou extension du site sur les r\u00e9seaux sociaux et\/ou communautaires existants ou \u00e0 venir.<\/p><p><br \/>\u00a0<strong>ARTICLE 6. GESTION DU SITE<\/strong><\/p><p>Pour la bonne gestion du site, l\u2019\u00e9diteur pourra \u00e0 tout moment\u00a0:<\/p><ul><li>Suspendre, interrompre ou limiter l\u2019acc\u00e8s \u00e0 tout ou partie du site, r\u00e9server l\u2019acc\u00e8s au site, ou \u00e0 certaines parties du site, \u00e0 une cat\u00e9gorie d\u00e9termin\u00e9e d\u2019internaute\u00a0;\u00a0<\/li><li>Supprimer toute information pouvant en perturber le fonctionnement ou entrant en contravention avec les lois nationales ou internationales, ou avec les r\u00e8gles de la N\u00e9tiquette\u00a0;\u00a0<\/li><li>Suspendre le site afin de proc\u00e9der \u00e0 des mises \u00e0 jour.\u00a0<\/li><\/ul><p><br \/>\u00a0<strong>ARTICLE 7. RESPONSABILIT\u00c9S<\/strong><\/p><p>L\u2019\u00e9diteur n\u2019est responsable que du contenu qu\u2019il a lui-m\u00eame \u00e9dit\u00e9.<\/p><p>L\u2019\u00e9diteur n\u2019est pas responsable\u00a0:<\/p><ul><li>En cas de probl\u00e9matiques ou d\u00e9faillances techniques, informatiques ou de compatibilit\u00e9 du site avec un mat\u00e9riel ou logiciel quel qu\u2019il soit\u00a0;\u00a0<\/li><li>Des dommages directs ou indirects, mat\u00e9riels ou immat\u00e9riels, pr\u00e9visibles ou impr\u00e9visibles r\u00e9sultant de l\u2019utilisation ou des difficult\u00e9s d\u2019utilisation du site ou de ses services\u00a0;\u00a0<\/li><li>Des caract\u00e9ristiques intrins\u00e8ques de l\u2019Internet, notamment celles relatives au manque de fiabilit\u00e9 et au d\u00e9faut de s\u00e9curisation des informations y circulant\u00a0;\u00a0<\/li><li>Des contenus ou activit\u00e9s illicites utilisant son site et ce, sans qu\u2019il en ait pris d\u00fbment connaissance au sens de la Loi n\u00b0 2004-575 du 21 juin 2004 pour la confiance dans l\u2019\u00e9conomie num\u00e9rique et la Loi n\u00b02004-801 du 6 ao\u00fbt 2004 relative \u00e0 la protection des personnes physiques \u00e0 l\u2019\u00e9gard de traitement de donn\u00e9es \u00e0 caract\u00e8re personnel.\u00a0<\/li><\/ul><p>Par ailleurs, le site ne saurait garantir l\u2019exactitude, la compl\u00e9tude, et l\u2019actualit\u00e9 des informations qui y sont diffus\u00e9es.<\/p><p>L\u2019utilisateur est responsable\u00a0:<\/p><ul><li>De la protection de son mat\u00e9riel et de ses donn\u00e9es\u00a0;\u00a0<\/li><li>De l\u2019utilisation qu\u2019il fait du site ou de ses services\u00a0;\u00a0<\/li><li>S\u2019il ne respecte ni la lettre, ni l\u2019esprit des pr\u00e9sentes CGU.\u00a0<\/li><\/ul><p><br \/>\u00a0<strong>ARTICLE 8. LIENS HYPERTEXTES<\/strong><\/p><p>Le site peut contenir des liens hypertextes pointant vers d\u2019autres sites internet sur lesquels Lion King S\u00e9curit\u00e9 n\u2019exerce pas de contr\u00f4le. Malgr\u00e9 les v\u00e9rifications pr\u00e9alables et r\u00e9guli\u00e8res r\u00e9alis\u00e9s par l\u2019\u00e9diteur, celui-ci d\u00e9cline tout responsabilit\u00e9 quant aux contenus qu\u2019il est possible de trouver sur ces sites.<\/p><p>L\u2019\u00e9diteur autorise la mise en place de liens hypertextes vers toute page ou document de son site sous r\u00e9serve que la mise en place de ces liens ne soit pas r\u00e9alis\u00e9e \u00e0 des fins commerciales ou publicitaires.<\/p><p>En outre, l\u2019information pr\u00e9alable de l\u2019\u00e9diteur du site est n\u00e9cessaire avant toute mise en place de lien hypertexte.<\/p><p>Sont exclus de cette autorisation les sites diffusant des informations \u00e0 caract\u00e8re illicite, violent, pol\u00e9mique, pornographique, x\u00e9nophobe ou pouvant porter atteinte \u00e0 la sensibilit\u00e9 du plus grand nombre.<\/p><p>Enfin, Lion King S\u00e9curit\u00e9 se r\u00e9serve le droit de faire supprimer \u00e0 tout moment un lien hypertexte pointant vers son site, si le site l\u2019estime non conforme \u00e0 sa politique \u00e9ditoriale.<\/p><p><br \/>\u00a0<strong>ARTICLE 9\u00a0: CONFIDENTIALIT\u00c9<\/strong><\/p><p>En plus des pr\u00e9sentes Conditions G\u00e9n\u00e9rales, le site dispose d\u2019une politique de confidentialit\u00e9 qui d\u00e9crit la mani\u00e8re dont les donn\u00e9es \u00e0 caract\u00e8re personnel sont trait\u00e9es lorsque l\u2019utilisateur se rend sur le site, ainsi que la mani\u00e8re dont les cookies sont utilis\u00e9s.<\/p><p>En naviguant sur le site, l\u2019utilisateur d\u00e9clare avoir \u00e9galement pris connaissance de la politique de confidentialit\u00e9 susmentionn\u00e9e.<\/p><p><br \/>\u00a0<strong>ARTICLE 10. PROPRI\u00c9T\u00c9 INTELLECTUELLE<\/strong><\/p><p>La structuration du site mais aussi les textes, graphiques, images, photographies, sons, vid\u00e9os et applications informatiques qui le composent sont la propri\u00e9t\u00e9 de l\u2019\u00e9diteur et sont prot\u00e9g\u00e9s comme tels par les lois en vigueur au titre de la propri\u00e9t\u00e9 intellectuelle.<\/p><p>Toute repr\u00e9sentation, reproduction, adaptation ou exploitation partielle ou totale des contenus, marques d\u00e9pos\u00e9es et services propos\u00e9s par le site, par quelque proc\u00e9d\u00e9 que ce soit, sans l\u2019autorisation pr\u00e9alable, expresse et \u00e9crite de l\u2019\u00e9diteur, est strictement interdite et serait susceptible de constituer une contrefa\u00e7on au sens des articles L. 335-2 et suivants du Code de la propri\u00e9t\u00e9 intellectuelle. Et ce, \u00e0 l\u2019exception des \u00e9l\u00e9ments express\u00e9ment d\u00e9sign\u00e9s comme libres de droits sur le site.<\/p><p>L\u2019acc\u00e8s au site ne vaut pas reconnaissance d\u2019un droit et, de mani\u00e8re g\u00e9n\u00e9rale, ne conf\u00e8re aucun droit de propri\u00e9t\u00e9 intellectuelle relatif \u00e0 un \u00e9l\u00e9ment du site, lesquels restent la propri\u00e9t\u00e9 exclusive de l\u2019\u00e9diteur.<\/p><p>Il est interdit \u00e0 l\u2019utilisateur d\u2019introduire des donn\u00e9es sur le site qui modifieraient ou qui seraient susceptibles d\u2019en modifier le contenu ou l\u2019apparence.<\/p><p><br \/>\u00a0<strong>ARTICLE 11. LOI APPLICABLE ET JURIDICTION COMP\u00c9TENTE<\/strong><\/p><p>Les pr\u00e9sentes Conditions G\u00e9n\u00e9rales d\u2019Utilisation sont r\u00e9gies par la loi fran\u00e7aise. En cas de diff\u00e9rend et \u00e0 d\u00e9faut d\u2019accord amiable, le litige sera port\u00e9 devant les tribunaux fran\u00e7ais conform\u00e9ment aux r\u00e8gles de comp\u00e9tence en vigueur.<\/p><p><em>Le site Lion King S\u00e9curit\u00e9 vous souhaite une excellente navigation\u00a0!<\/em><\/p><p>\u00a0<\/p>\t\t\t\t\t\t\t\t<\/div>\n\t\t\t\t<\/div>\n\t\t\t\t\t<\/div>\n\t\t<\/div>\n\t\t\t\t\t<\/div>\n\t\t<\/section>\n\t\t\t\t<\/div>\n\t\t","protected":false},"excerpt":{"rendered":"<p>Conditions G\u00e9n\u00e9rales d&rsquo;Utilisation ARTICLE 1. INFORMATIONS L\u00c9GALES En vertu de l\u2019article 6 de la Loi n\u00b0 2004-575 du 21 juin 2004 pour la confiance dans l\u2019\u00e9conomie num\u00e9rique, il est pr\u00e9cis\u00e9 dans cet article l\u2019identit\u00e9 des diff\u00e9rents intervenants dans le cadre de sa r\u00e9alisation et de son suivi. Le site Lion King S\u00e9curit\u00e9 est \u00e9dit\u00e9 par\u00a0: [&hellip;]<\/p>\n","protected":false},"author":1,"featured_media":0,"parent":0,"menu_order":0,"comment_status":"closed","ping_status":"closed","template":"","meta":{"footnotes":""},"class_list":["post-113","page","type-page","status-publish","hentry"],"_links":{"self":[{"href":"https:\/\/entreprise-de-securite-en-guadeloupe.com\/fr_fr\/wp-json\/wp\/v2\/pages\/113","targetHints":{"allow":["GET"]}}],"collection":[{"href":"https:\/\/entreprise-de-securite-en-guadeloupe.com\/fr_fr\/wp-json\/wp\/v2\/pages"}],"about":[{"href":"https:\/\/entreprise-de-securite-en-guadeloupe.com\/fr_fr\/wp-json\/wp\/v2\/types\/page"}],"author":[{"embeddable":true,"href":"https:\/\/entreprise-de-securite-en-guadeloupe.com\/fr_fr\/wp-json\/wp\/v2\/users\/1"}],"replies":[{"embeddable":true,"href":"https:\/\/entreprise-de-securite-en-guadeloupe.com\/fr_fr\/wp-json\/wp\/v2\/comments?post=113"}],"version-history":[{"count":4,"href":"https:\/\/entreprise-de-securite-en-guadeloupe.com\/fr_fr\/wp-json\/wp\/v2\/pages\/113\/revisions"}],"predecessor-version":[{"id":751,"href":"https:\/\/entreprise-de-securite-en-guadeloupe.com\/fr_fr\/wp-json\/wp\/v2\/pages\/113\/revisions\/751"}],"wp:attachment":[{"href":"https:\/\/entreprise-de-securite-en-guadeloupe.com\/fr_fr\/wp-json\/wp\/v2\/media?parent=113"}],"curies":[{"name":"wp","href":"https:\/\/api.w.org\/{rel}","templated":true}]}}